{"id":1740,"date":"2022-10-13T17:20:05","date_gmt":"2022-10-13T17:20:05","guid":{"rendered":"https:\/\/wohnmobilcamp-smaland.de\/?page_id=1740"},"modified":"2022-12-23T09:35:43","modified_gmt":"2022-12-23T09:35:43","slug":"impressum-2","status":"publish","type":"page","link":"https:\/\/wohnmobilcamp-smaland.de\/?page_id=1740","title":{"rendered":"Impressum"},"content":{"rendered":"<div data-colibri-id=\"1740-c1\" class=\"style-1118 style-local-1740-c1 position-relative\">\n  <!---->\n  <div data-colibri-component=\"section\" data-colibri-id=\"1740-c2\" id=\"impressum\" class=\"h-section h-section-global-spacing d-flex align-items-lg-center align-items-md-center align-items-center style-1119 style-local-1740-c2 position-relative\">\n    <!---->\n    <!---->\n    <div class=\"h-section-grid-container h-section-boxed-container\">\n      <!---->\n      <div data-colibri-id=\"1740-c3\" class=\"h-row-container gutters-row-lg-2 gutters-row-md-2 gutters-row-0 gutters-row-v-lg-2 gutters-row-v-md-2 gutters-row-v-2 style-1120 style-local-1740-c3 position-relative\">\n        <!---->\n        <div class=\"h-row justify-content-lg-center justify-content-md-center justify-content-center align-items-lg-stretch align-items-md-stretch align-items-stretch gutters-col-lg-2 gutters-col-md-2 gutters-col-0 gutters-col-v-lg-2 gutters-col-v-md-2 gutters-col-v-2\">\n          <!---->\n          <div class=\"h-column h-column-container d-flex h-col-lg-auto h-col-md-auto h-col-auto style-1283-outer style-local-1740-c4-outer\">\n            <div data-colibri-id=\"1740-c4\" class=\"d-flex h-flex-basis h-column__inner h-px-lg-2 h-px-md-2 h-px-2 v-inner-lg-2 v-inner-md-2 v-inner-2 style-1283 style-local-1740-c4 position-relative\">\n              <!---->\n              <!---->\n              <div class=\"w-100 h-y-container h-column__content h-column__v-align flex-basis-100 align-self-lg-start align-self-md-start align-self-start\">\n                <!---->\n                <div data-colibri-id=\"1740-c5\" class=\"h-lead h-text h-text-component style-1122 style-local-1740-c5 position-relative h-element\">\n                  <!---->\n                  <!---->\n                  <div class=\"\">\n                    <p><strong style=\"color: rgb(70, 112, 127); font-weight: 600;\">Impressum<\/strong><\/p>\n                    <p><span style=\"font-weight: 400; font-size: 16px; font-family: &quot;Open Sans&quot;; color: rgb(70, 112, 127);\">Wohnmobilcamp Sm\u00e5land am Harkebr\u00fcgger See<br>Inhaber: Hans-J\u00fcrgen Lampe<br>Am Fuhrenkamp 3<br>26676 Bar\u00dfel-Harkebr\u00fcgge<br>Telefon: 0172 \/ 5254664<br>kontakt@wohnmobilcamp-smaland.de<br><\/span><\/p>\n                  <\/div>\n                <\/div>\n              <\/div>\n            <\/div>\n          <\/div>\n        <\/div>\n      <\/div>\n    <\/div>\n  <\/div>\n  <div data-colibri-component=\"section\" data-colibri-id=\"1740-c6\" id=\"custom\" class=\"h-section h-section-global-spacing d-flex align-items-lg-center align-items-md-center align-items-center style-1281 style-local-1740-c6 position-relative\">\n    <!---->\n    <!---->\n    <div class=\"h-section-grid-container h-section-boxed-container\">\n      <!---->\n      <div data-colibri-id=\"1740-c7\" class=\"h-row-container gutters-row-lg-2 gutters-row-md-2 gutters-row-0 gutters-row-v-lg-2 gutters-row-v-md-2 gutters-row-v-2 style-1282 style-local-1740-c7 position-relative\">\n        <!---->\n        <div class=\"h-row justify-content-lg-center justify-content-md-center justify-content-center align-items-lg-stretch align-items-md-stretch align-items-stretch gutters-col-lg-2 gutters-col-md-2 gutters-col-0 gutters-col-v-lg-2 gutters-col-v-md-2 gutters-col-v-2\">\n          <!---->\n          <div class=\"h-column h-column-container d-flex h-col-lg-auto h-col-md-auto h-col-auto style-1283-outer style-local-1740-c8-outer\">\n            <div data-colibri-id=\"1740-c8\" class=\"d-flex h-flex-basis h-column__inner h-px-lg-2 h-px-md-2 h-px-2 v-inner-lg-2 v-inner-md-2 v-inner-2 style-1283 style-local-1740-c8 position-relative\">\n              <!---->\n              <!---->\n              <div class=\"w-100 h-y-container h-column__content h-column__v-align flex-basis-100 align-self-lg-start align-self-md-start align-self-start\">\n                <!---->\n                <div data-colibri-id=\"1740-c9\" class=\"h-text h-text-component style-1284 style-local-1740-c9 position-relative h-element\">\n                  <!---->\n                  <!---->\n                  <div class=\"\">\n                    <p><span style=\"font-weight: 600;\">WIDERRUFSBELEHRUNG<\/span>&nbsp;<\/p>\n                    <p>Ein Widerrufsrecht f\u00fcr den Verbraucher besteht nicht bei Fernabsatzvertr\u00e4gen zur Erbringung von Dienstleistungen in den Bereichen Beherbergung zu anderen Zwecken als zu Wohnzwecken, Bef\u00f6rderung von Waren, Kraftfahrzeugvermietung, Lieferung\n                      von Speisen und Getr\u00e4nken sowie zur Erbringung weiterer Dienstleistungen im Zusammenhang mit Freizeitbet\u00e4tigungen, wenn der Vertrag f\u00fcr die Erbringung einen spezifischen Termin oder Zeitraum vorsieht (\u00a7 312g Abs. 2 Satz 1 Nr. 9 B\u00fcrgerliches\n                      Gesetzbuch).&nbsp;<\/p>\n                    <p>Einen Wohnmobilstellplatz zur zeitlich befristeten Nutzung zu einem definierten Zeitpunkt anzubieten, f\u00e4llt unter die oben genannte Ausnahme. Bei der Buchung eines Wohnmobilstellplatzes \u00fcber die Plattform von womo.cloud besteht daher\n                      keinerlei Widerrufsrecht.<\/p>\n                  <\/div>\n                <\/div>\n              <\/div>\n            <\/div>\n          <\/div>\n        <\/div>\n      <\/div>\n    <\/div>\n  <\/div>\n<\/div>","protected":false},"excerpt":{"rendered":"<p>Impressum Wohnmobilcamp Sm\u00e5land am Harkebr\u00fcgger SeeInhaber: Hans-J\u00fcrgen LampeAm Fuhrenkamp 326676 Bar\u00dfel-Harkebr\u00fcggeTelefon: 0172 \/ 5254664kontakt@wohnmobilcamp-smaland.de WIDERRUFSBELEHRUNG&nbsp; Ein Widerrufsrecht f\u00fcr den Verbraucher besteht nicht bei Fernabsatzvertr\u00e4gen zur Erbringung von Dienstleistungen in den Bereichen Beherbergung zu anderen Zwecken als zu Wohnzwecken, Bef\u00f6rderung von Waren, Kraftfahrzeugvermietung, Lieferung von Speisen und Getr\u00e4nken sowie zur Erbringung weiterer Dienstleistungen im Zusammenhang mit [&hellip;]<\/p>\n","protected":false},"author":1,"featured_media":0,"parent":0,"menu_order":0,"comment_status":"closed","ping_status":"closed","template":"page-templates\/full-width-page.php","meta":{"_themeisle_gutenberg_block_has_review":false,"footnotes":""},"class_list":["post-1740","page","type-page","status-publish","hentry"],"_links":{"self":[{"href":"https:\/\/wohnmobilcamp-smaland.de\/index.php?rest_route=\/wp\/v2\/pages\/1740","targetHints":{"allow":["GET"]}}],"collection":[{"href":"https:\/\/wohnmobilcamp-smaland.de\/index.php?rest_route=\/wp\/v2\/pages"}],"about":[{"href":"https:\/\/wohnmobilcamp-smaland.de\/index.php?rest_route=\/wp\/v2\/types\/page"}],"author":[{"embeddable":true,"href":"https:\/\/wohnmobilcamp-smaland.de\/index.php?rest_route=\/wp\/v2\/users\/1"}],"replies":[{"embeddable":true,"href":"https:\/\/wohnmobilcamp-smaland.de\/index.php?rest_route=%2Fwp%2Fv2%2Fcomments&post=1740"}],"version-history":[{"count":17,"href":"https:\/\/wohnmobilcamp-smaland.de\/index.php?rest_route=\/wp\/v2\/pages\/1740\/revisions"}],"predecessor-version":[{"id":2272,"href":"https:\/\/wohnmobilcamp-smaland.de\/index.php?rest_route=\/wp\/v2\/pages\/1740\/revisions\/2272"}],"wp:attachment":[{"href":"https:\/\/wohnmobilcamp-smaland.de\/index.php?rest_route=%2Fwp%2Fv2%2Fmedia&parent=1740"}],"curies":[{"name":"wp","href":"https:\/\/api.w.org\/{rel}","templated":true}]}}