{"id":1741,"date":"2022-10-13T17:20:17","date_gmt":"2022-10-13T17:20:17","guid":{"rendered":"https:\/\/wohnmobilcamp-smaland.de\/?page_id=1741"},"modified":"2025-08-11T07:11:44","modified_gmt":"2025-08-11T07:11:44","slug":"agb","status":"publish","type":"page","link":"https:\/\/wohnmobilcamp-smaland.de\/?page_id=1741","title":{"rendered":"AGB"},"content":{"rendered":"\t\t<div data-elementor-type=\"wp-page\" data-elementor-id=\"1741\" class=\"elementor elementor-1741\">\n\t\t\t\t\t\t<section class=\"elementor-section elementor-top-section elementor-element elementor-element-2496f39e elementor-section-boxed elementor-section-height-default elementor-section-height-default\" data-id=\"2496f39e\" data-element_type=\"section\" data-e-type=\"section\">\n\t\t\t\t\t\t<div class=\"elementor-container elementor-column-gap-default\">\n\t\t\t\t\t<div class=\"elementor-column elementor-col-100 elementor-top-column elementor-element elementor-element-491552f7\" data-id=\"491552f7\" data-element_type=\"column\" data-e-type=\"column\">\n\t\t\t<div class=\"elementor-widget-wrap elementor-element-populated\">\n\t\t\t\t\t\t<div class=\"elementor-element elementor-element-44311c0d elementor-widget elementor-widget-text-editor\" data-id=\"44311c0d\" data-element_type=\"widget\" data-e-type=\"widget\" data-widget_type=\"text-editor.default\">\n\t\t\t\t<div class=\"elementor-widget-container\">\n\t\t\t\t\t\t\t\t\t<div data-colibri-id=\"1741-c1\">\n<div data-colibri-component=\"section\" data-colibri-id=\"1741-c2\">\n<div>\n<div data-colibri-id=\"1741-c3\">\n<div>\n<div>\n<div data-colibri-id=\"1741-c4\">\n<div>\n<div data-colibri-id=\"1741-c5\">\n<div>\n<p><strong style=\"font-weight: bold;\">Allgemeine Gesch\u00e4ftsbestimmungen<\/strong><\/p>\n<p><span style=\"font-weight: 600;\">An- und Abreise<\/span><\/p>\n<p>Stellpl\u00e4tze sind mindestens \u00fcber eine Nacht mietbar. Die Anreise hat am gebuchten Tag nicht vor 13:00 Uhr zu erfolgen. Die Abreise muss am letzten Tag der Buchung bis 12:00 Uhr erfolgen.<\/p>\n<p><span style=\"font-weight: 600;\">Platzzuweisung<\/span><\/p>\n<p>Stellpl\u00e4tze werden im Reservierungskalender gebucht und vergeben. Direkt anreisende Wohnmobilfahrer m\u00fcssen vor der Platzauswahl zuerst im Reservierungskalender nach freien Kapazit\u00e4ten schauen. Es ist darauf zu achten in der angegebenen Markierung zu bleiben. Der Betreiber \u00fcbernimmt ausdr\u00fccklich keine Haftung f\u00fcr Sch\u00e4den an Wohnmobilen und deren Zubeh\u00f6r. Die nicht parzellierten Stellpl\u00e4tze auf der Ausweich-Wiese werden nur vom Stellplatzbetreiber vergeben.<\/p>\n<p><span style=\"font-weight: 600;\">Hausrecht<\/span><\/p>\n<p>Der Stellplatzbetreiber hat das Hausrecht. Seinen Anordnungen ist in jedem Fall sofort Folge zu leisten. Er ist auch berechtigt die Aufnahme von Personen zu verweigern oder Sie des Platzes zu verweisen, wenn dies bei Verst\u00f6\u00dfen gegen die Stellplatzordnung oder im Interesse der Stellplatzg\u00e4ste erforderlich scheint. Kinder unter 18 Jahren d\u00fcrfen nur in Begleitung eines Erziehungsberechtigten den Platz nutzen.<\/p>\n<div><span style=\"color: #46707f; font-family: 'Open Sans'; font-weight: 600;\">Sanit\u00e4ranlagen<\/span><span style=\"font-family: 'Open Sans'; color: #244084;\">&nbsp;<\/span><\/div>\n<p>B\u00e4der d\u00fcrfen nur von Stellplatzmietern benutzt werden, die ein Bad gebucht haben. Es ist untersagt den Zugangscode der Sanit\u00e4ranlagen weiterzugeben oder einen Zugangscode von anderen anzunehmen und zu benutzen. Zuwiderhandlungen k\u00f6nnen mit einem Platzverweis geahndet werden.<\/p>\n<p>Hunden und sonstigen Haustieren ist der Zugang zu den Sanit\u00e4ranlagen untersagt.<\/p>\n<p><span style=\"font-weight: 600;\">Pflichten<\/span><\/p>\n<p>Der Campinggast ist allgemein zum Wohlverhalten, Einhaltung der Sauberkeit des Platzes mit all seinen Einrichtungen, Beachtung der Ruhezeiten und zur Vermeidung von ruhest\u00f6rendem L\u00e4rm verpflichtet. N\u00e4heres hierzu regelt die Platzordnung, welche in ihrer aktuellen Fassung Vertragsbestandteil ist. Der Campinggast darf das Mietobjekt maximal mit der Personenzahl benutzen, die er hierf\u00fcr angemeldet hat. Der Campinggast haftet pers\u00f6nlich f\u00fcr alle Verpflichtungen, die aus dem Abschluss des Campingvertrages bzw. dem Aufenthalt auf dem Campingplatz folgen, dies auch f\u00fcr die von ihm angemeldeten zus\u00e4tzlichen Personen. Hunde sind auf dem Campingplatz nur angeleint erlaubt. Einzige Ausnahme ist die gemietete Parzelle. Zum \u201eGassi gehen wird der Campingplatz grunds\u00e4tzlich verlassen (Hundekot- Beseitigung ist Pflicht)!<\/p>\n<div><span style=\"font-weight: 600; color: #46707f; font-family: 'Open Sans';\">Haftung<\/span><\/div>\n<div><span style=\"font-weight: 600; color: #46707f; font-family: 'Open Sans';\">&nbsp;<\/span><\/div>\n<p>Der Campingplatzinhaber haftet nicht f\u00fcr Sch\u00e4den, die durch den Ausfall oder die St\u00f6rung der Wasser- und Stromversorgung entstehen, sowie die L\u00e4rmbel\u00e4stigungen durch Dritte. Ferner haftet der Campingplatzinhaber nicht bei leicht fahrl\u00e4ssigen Pflichtverletzungen f\u00fcr Sch\u00e4den, die durch die Benutzung der sich auf dem Campinggel\u00e4nde befindlichen Anlagen oder Ger\u00e4te bzw. au\u00dfer Betrieb geratene oder au\u00dferhalb des Campingplatzes befindliche Anlagen, Ger\u00e4te und Vorkehrungen entstehen. Dies gilt auch bei leicht fahrl\u00e4ssigen Pflichtverletzungen der gesetzlichen Vertreter oder Erf\u00fcllungsgehilfen des Campingplatzinhabers. Die vorstehende Haftungsbeschr\u00e4nkung gilt indes nicht bei dem Campingplatzinhaber zurechenbaren K\u00f6rper- und Gesundheitsschaden oder bei Verlust des Lebens des Campinggastes. F\u00fcr alle Sch\u00e4den, die durch falsche oder schadhafte Stromanlagen ab Stromverteileranlage entstehen, haftet der Campinggast selbst gegen\u00fcber gesch\u00e4digten Dritten. F\u00fcr herabfallende \u00c4ste oder \u00c4hnliches haftet der Campingbetrieb nur im Rahmen der bestehenden Haftpflichtversicherung. Bei Sch\u00e4den durch h\u00f6here Gewalt besteht kein Anspruch.<\/p>\n<div>&nbsp;<\/div>\n<p><span style=\"font-weight: 600;\">Hunde \/ Haustiere<\/span><\/p>\n<p>Bei auff\u00e4lligem Verhalten des Hundes oder Beschwerden anderer G\u00e4ste kann der Campingbetrieb den Hund des Platzes verweisen. Es besteht Leinenpflicht auf dem gesamten Gel\u00e4nde. Mehr als maximal 4 Hunde pro Wohnmobil sind nicht erlaubt.<\/p>\n<div>&nbsp;<\/div>\n<p><span style=\"font-weight: 600;\">Verhaltensinformationen COVID 19<\/span><\/p>\n<p>Zugunsten Ihrer eigenen Sicherheit sowie dem Schutz Ihrer Mitmenschen und unseren Mitarbeitern, bitten wir um die Einhaltung der Hygieneregeln. G\u00e4ste, welche sich in Quarant\u00e4ne oder in h\u00e4uslicher Isolierung aufgrund COVID 19 befinden, oder Anzeichen einer Infizierung aufweisen, ist die Anreise strikt untersagt!<\/p>\n<p><span style=\"font-weight: 600;\">Allgemeine Nutzungspflicht&nbsp;<\/span><\/p>\n<p>Ein Campingstellplatz ist mit maximal 6 Personen belegbar, inkl. M\u00f6glicher angemeldeter Besucher.&nbsp;<\/p>\n<div><span style=\"font-weight: 600; color: #46707f; font-family: 'Open Sans';\">Tagesbesucher (der Gastcamper)<\/span><\/div>\n<p>Tagesbesucher werden geduldet.&nbsp;<\/p>\n<p>Alle Tagesbesucher sind vom Gastcamper in der Rezeption anzumelden und haben die Tagesgeb\u00fchr von 2,50 \u20ac zu entrichten. Es d\u00fcrfen nur angemeldete Personen den Campingplatz betreten und benutzen. Den Besuchern ist das Befahren des Campingplatzes, mit ihrem Fahrzeug, nicht gestattet.<\/p>\n<p><span style=\"font-weight: 600;\">Musik<\/span><\/p>\n<p>Auf dem gesamten Campingplatzgel\u00e4nde gilt eine \u201eNull-Bass-Toleranz\u201c. Dies bedeutet, dass alle Musikanlagen (auch Autolautsprecher oder Musik-Boxen), zu jeder Tageszeit, grunds\u00e4tzlich verboten sind. Musik darf ausschlie\u00dflich \u00fcber ein Smartphone abgespielt werden, da laute &amp; basslastige Musik prinzipiell nicht gestattet ist.<\/p>\n<p><span style=\"font-weight: 600;\">Grillen<\/span><\/p>\n<p>Offene bodenber\u00fchrende Feuer sind auf dem gesamten Campingplatz nicht gestattet. Das Betreiben zugelassener Holzkohlegrill mit einer Bodenfreiheit von ca. 40 cm ist unter Ber\u00fccksichtigung des Brandschutzes und vermeidbarer Bel\u00e4stigung der anderen G\u00e4ste gestattet. Bei l\u00e4ngeren Trockenperioden ist das Feuermachen nicht gestattet.<\/p>\n<div>&nbsp;<\/div>\n<p><span style=\"font-weight: 600;\">Mediendaten \/ Datenschutz<\/span><\/p>\n<p>Der Campingbetrieb wird in kritischen Teilbereichen mit Videokameras \u00fcberwacht. Dies dient zur Sicherheit der Campingg\u00e4ste (Feststellung und Abwendung von Sicherheitsgefahren), zum Schutz des Eigentums und Besitzes, zur Kontrolle von Zugangsberechtigungen und zur Wahrnehmung des Hausrechtes. Die Aufzeichnungen werden nur im Bedarfsfall ausgewertet und nur die ben\u00f6tigten Daten bis zur Kl\u00e4rung gespeichert. Eine Datenweitergabe an Dritte erfolgt nicht. Die Videoaufzeichnungen werden gem. \u00a7 6b Abs BDSG regelm\u00e4\u00dfig automatisch gel\u00f6scht. Zudem wird das Aufzeichnungsger\u00e4t durch geeignete Ma\u00dfnahmen gem. \u00a7 9 BDSG datenschutzrechtlich vor dem Zugriff unberechtigter Dritter gesch\u00fctzt.<\/p>\n<p><span style=\"font-weight: 600;\">Reklamationen<\/span><\/p>\n<p>Etwaige Beanstandungen hinsichtlich des Mietobjektes sind seitens des Campinggastes unverz\u00fcglich dem Campingplatzinhaber zu melden. Die Geltendmachung von M\u00e4ngeln ist ausgeschlossen, wenn diese nicht wenigstens w\u00e4hrend dem Aufenthalt des Campinggastes unmittelbar dem Campingplatzinhaber angezeigt worden sind. Diesem ist eine angemessene Frist zur Behebung des Mangels zu setzen.<\/p>\n<p><span style=\"font-weight: 600;\">Stornieren von Reservierungen<\/span><\/p>\n<p>Es ist grunds\u00e4tzlich bei Stornierungen der Stellplatz-Reservierung keine Auszahlung des Buchungsbetrags m\u00f6glich. Unter folgenden Bedingungen ist eine Gutschrift des eingezahlten Betrags, f\u00fcr eine Stellplatzbelegung eines anderen Datums innerhalb des Kalenderjahres, m\u00f6glich.&nbsp;<\/p><p>F\u00fcr Stornierungen die bis 4 Wochen vor Antritt erfolgen erheben wir eine Bearbeitungsgeb\u00fchr von 5,-\u20ac pro Stornierung, bis 7 Tage vor dem Reservierungsdatum erheben wir eine Geb\u00fchr von 10,-\u20ac pro Stornierung. Innerhalb der letzten 7 Tage ist eine Stornierung\/Umbuchung und die damit verbundene Gutschrift nicht mehr m\u00f6glich. Die Stornierungsgeb\u00fchr wird direkt von der Gutschrift-Summe abgezogen.<\/p><p>Die neue Stellplatzbelegung muss \u00fcber den Betreiber erfolgen. Eine neue Buchung die \u00fcber das System get\u00e4tigt wird, kann nicht verrechnet werden. Kosten, die \u00fcber dem vorhandenen Guthaben liegen, werden vom Gast vor Ort bezahlt. (Bar oder per EC). Ein Restguthaben kann nicht ausbezahlt werden, jedoch mit Sauna oder Whirlpool usw. verrechnet werden.<\/p><p>Die Gutschrift besteht aus der eingezahlten Geldsumme abz\u00fcglich der Bearbeitungsgeb\u00fchr. Beim Einl\u00f6sen der Gutschrift gelten die dann aktuellen Preise. Wer also 3 N\u00e4chte in der Nebensaison gebucht und storniert hat, hat kein Anrecht auf 3 N\u00e4chte in der Hauptsaison.&nbsp;<\/p><p>Nach einer eventuellen Preiserh\u00f6hung muss die Restsumme vor Ort beglichen werden.&nbsp;<\/p>\n<p><span style=\"font-weight: 600;\">Preise<\/span><\/p>\n<p>Es gilt die aktuelle Preisliste des Campingplatzinhabers.<\/p>\n<p><span style=\"font-weight: 600;\">Irrt\u00fcmer<\/span><\/p>\n<p>Der Campingbetrieb beh\u00e4lt sich vor, Irrt\u00fcmer bzw. Druck- und Rechenfehler zu berichtigen.<\/p>\n<p><span style=\"font-weight: 600;\">Salvatorische Klausel<\/span><\/p>\n<p>Salvatorische Klausel Sollten einzelne Bestimmungen dieser Allgemeinen Gesch\u00e4ftsbedingungen unwirksam oder undurchf\u00fchrbar sein, oder nach Vertragsschluss unwirksam oder undurchf\u00fchrbar werden, bleibt davon die Wirksamkeit der Allgemeinen Gesch\u00e4ftsbedingungen im \u00dcbrigen unber\u00fchrt. An Stelle der unwirksamen oder undurchf\u00fchrbaren Bestimmung soll diejenige wirksame und durchf\u00fchrbare Regelung treten, deren Wirkungen der wirtschaftlichen Zielsetzung am N\u00e4chsten kommen, die die Vertragsparteien mit der unwirksamen bzw. undurchf\u00fchrbaren Bestimmung verfolgt haben. Die vorstehenden Bestimmungen gelten entsprechend f\u00fcr den Fall, dass sich der Vertrag als l\u00fcckenhaft erweist<\/p>\n<p><span style=\"font-weight: 600;\">Schlussbestimmungen<\/span><\/p>\n<p>Der Campinggast best\u00e4tigt, dass die pers\u00f6nlichen Angaben korrekt sind. Der Campinggast erkennt durch das Befahren des Campinggel\u00e4ndes die AGB einschlie\u00dflich der Platzordnung an. Es gelten die gesetzlichen Vorschriften und das Recht der Bundesrepublik Deutschland. Sollten einzelne Bestimmungen der allgemeinen Gesch\u00e4ftsbedingungen ganz oder teilweise unwirksam sein oder werden, so wird hierdurch die G\u00fcltigkeit der \u00fcbrigen Bestimmungen nicht ber\u00fchrt. Die ganz oder teilweise unwirksame Regelung soll durch eine Regelung ersetzt werden, deren wirtschaftlicher Erfolg dem der unwirksamen m\u00f6glichst nahekommt.<\/p>\n<p>Wenn der Stellplatzgast die Stellplatzgeb\u00fchr nicht oder nicht ausreichend bezahlt, sind eine Aufwandspauschale von 25 Euro\/pro Tag und weitere anfallende Kosten zur Abfrage des amtlichen Kennzeichens beim Kraftfahrtbundesamt f\u00e4llig.<\/p>\n<\/div>\n<\/div>\n<\/div>\n<\/div>\n<\/div>\n<\/div>\n<\/div>\n<\/div>\n<\/div>\n<\/div>\t\t\t\t\t\t\t\t<\/div>\n\t\t\t\t<\/div>\n\t\t\t\t\t<\/div>\n\t\t<\/div>\n\t\t\t\t\t<\/div>\n\t\t<\/section>\n\t\t\t\t<\/div>\n\t\t","protected":false},"excerpt":{"rendered":"<p>Allgemeine Gesch\u00e4ftsbestimmungen An- und Abreise Stellpl\u00e4tze sind mindestens \u00fcber eine Nacht mietbar. Die Anreise hat am gebuchten Tag nicht vor 13:00 Uhr zu erfolgen. Die Abreise muss am letzten Tag der Buchung bis 12:00 Uhr erfolgen. Platzzuweisung Stellpl\u00e4tze werden im Reservierungskalender gebucht und vergeben. Direkt anreisende Wohnmobilfahrer m\u00fcssen vor der Platzauswahl zuerst im Reservierungskalender nach [&hellip;]<\/p>\n","protected":false},"author":1,"featured_media":0,"parent":0,"menu_order":0,"comment_status":"closed","ping_status":"closed","template":"page-templates\/full-width-page.php","meta":{"_themeisle_gutenberg_block_has_review":false,"footnotes":""},"class_list":["post-1741","page","type-page","status-publish","hentry"],"_links":{"self":[{"href":"https:\/\/wohnmobilcamp-smaland.de\/index.php?rest_route=\/wp\/v2\/pages\/1741","targetHints":{"allow":["GET"]}}],"collection":[{"href":"https:\/\/wohnmobilcamp-smaland.de\/index.php?rest_route=\/wp\/v2\/pages"}],"about":[{"href":"https:\/\/wohnmobilcamp-smaland.de\/index.php?rest_route=\/wp\/v2\/types\/page"}],"author":[{"embeddable":true,"href":"https:\/\/wohnmobilcamp-smaland.de\/index.php?rest_route=\/wp\/v2\/users\/1"}],"replies":[{"embeddable":true,"href":"https:\/\/wohnmobilcamp-smaland.de\/index.php?rest_route=%2Fwp%2Fv2%2Fcomments&post=1741"}],"version-history":[{"count":20,"href":"https:\/\/wohnmobilcamp-smaland.de\/index.php?rest_route=\/wp\/v2\/pages\/1741\/revisions"}],"predecessor-version":[{"id":3751,"href":"https:\/\/wohnmobilcamp-smaland.de\/index.php?rest_route=\/wp\/v2\/pages\/1741\/revisions\/3751"}],"wp:attachment":[{"href":"https:\/\/wohnmobilcamp-smaland.de\/index.php?rest_route=%2Fwp%2Fv2%2Fmedia&parent=1741"}],"curies":[{"name":"wp","href":"https:\/\/api.w.org\/{rel}","templated":true}]}}