{"id":1742,"date":"2022-10-13T17:20:52","date_gmt":"2022-10-13T17:20:52","guid":{"rendered":"https:\/\/wohnmobilcamp-smaland.de\/?page_id=1742"},"modified":"2025-05-20T06:50:26","modified_gmt":"2025-05-20T06:50:26","slug":"platzordnung","status":"publish","type":"page","link":"https:\/\/wohnmobilcamp-smaland.de\/?page_id=1742","title":{"rendered":"Platzordnung"},"content":{"rendered":"<div data-colibri-id=\"1742-c1\" class=\"style-1123 style-local-1742-c1 position-relative\">\r\n  <!---->\r\n  <div data-colibri-component=\"section\" data-colibri-id=\"1742-c2\" id=\"stellplatzordnung\" class=\"h-section h-section-global-spacing d-flex align-items-lg-center align-items-md-center align-items-center style-1124 style-local-1742-c2 position-relative\">\r\n    <!---->\r\n    <!---->\r\n    <div class=\"h-section-grid-container h-section-boxed-container\">\r\n      <!---->\r\n      <div data-colibri-id=\"1742-c3\" class=\"h-row-container gutters-row-lg-2 gutters-row-md-2 gutters-row-0 gutters-row-v-lg-2 gutters-row-v-md-2 gutters-row-v-2 style-1125 style-local-1742-c3 position-relative\">\r\n        <!---->\r\n        <div class=\"h-row justify-content-lg-center justify-content-md-center justify-content-center align-items-lg-stretch align-items-md-stretch align-items-stretch gutters-col-lg-2 gutters-col-md-2 gutters-col-0 gutters-col-v-lg-2 gutters-col-v-md-2 gutters-col-v-2\">\r\n          <!---->\r\n          <div class=\"h-column h-column-container d-flex h-col-lg-auto h-col-md-auto h-col-auto style-1126-outer style-local-1742-c4-outer\">\r\n            <div data-colibri-id=\"1742-c4\" class=\"d-flex h-flex-basis h-column__inner h-px-lg-2 h-px-md-2 h-px-2 v-inner-lg-2 v-inner-md-2 v-inner-2 style-1126 style-local-1742-c4 position-relative\">\r\n              <!---->\r\n              <!---->\r\n              <div class=\"w-100 h-y-container h-column__content h-column__v-align flex-basis-100 align-self-lg-start align-self-md-start align-self-start\">\r\n                <!---->\r\n                <div data-colibri-id=\"1742-c5\" class=\"h-text h-text-component style-1127 style-local-1742-c5 position-relative h-element\">\r\n                  <!---->\r\n                  <!---->\r\n                  <div class=\"\">\r\n                    <h6>Platzordnung Wohnmobilcamp \u201eSmaland\u201c am Harkebr\u00fcgger See<\/h6>\r\n                    <p><span style=\"font-weight: 600;\">1. Vorbemerkung:<\/span><\/p>\r\n                    <p class=\"ql-indent-1\">Herzlich Willkommen auf dem Wohnmobilcamp Smaland am Harkebr\u00fcgger See. Betreiber des Stellplatzes sind Anja und Hansi Lampe.<\/p>\r\n                    <p class=\"ql-indent-1\">Der Stellplatz ist ausgestattet mit Stroms\u00e4ulen f\u00fcr 22 Wohnmobile (zzgl. 6 weiteren Stellpl\u00e4tzen die nur \u00fcber die Zuteilung des Stellplatzbetreibers genutzt werden k\u00f6nnen),&nbsp;einer Ver- und Entsorgungsstation, Sanit\u00e4rr\u00e4ume, sowie\r\n                      Wasch- und Abwaschm\u00f6glichkeiten f\u00fcr Textil und Geschirr.<\/p>\r\n                    <p class=\"ql-indent-1\">Um Ihnen einen angenehmen Aufenthalt zu erm\u00f6glichen und einen reibungslosen Ablauf zu gew\u00e4hrleisten, bitten wir Sie folgende Regeln einzuhalten. Mit der Benutzung dieses Stellplatzes kommt ein Vertrag zu den nachstehenden Bedingungen\r\n                      zustande. Die Nutzer erkennen diese Stellplatzordnung an.<\/p>\r\n                    <p>&nbsp;<\/p>\r\n                    <p>&nbsp;<span style=\"font-weight: 600;\">2.&nbsp;Nutzung:<\/span><\/p>\r\n                    <ul>\r\n                      <li class=\"ql-indent-1\">Die Zufahrt zum Wohnmobilplatz ist nur den Benutzern des Stellplatzes gestattet.<\/li>\r\n                      <li class=\"ql-indent-1\">Der Wohnmobilplatz ist nur Wohnmobilisten vorbehalten. F\u00fcr Caravan -Gespanne und Zelte sind keine Pl\u00e4tze vorgesehen. Das Aufstellen von Vorzelten ist nicht gestattet. Unberechtigt abgestellte Fahrzeuge oder Zelte werden kostenpflichtig\r\n                        entfernt.<\/li>\r\n                      <li class=\"ql-indent-1\">Der Wohnmobilstellplatz ist kostenpflichtig. Die Stellplatzgeb\u00fchr ist direkt nach Anreise im Voraus zu entrichten. Die Stroms\u00e4ule zeigt die erfolgte Buchung durch den Lichtwechsel von gr\u00fcn (frei) auf rot (belegt) an.<\/li>\r\n                      <li class=\"ql-indent-1\">Vermeiden Sie bitte jede Verunreinigung des Parkplatzes und seiner Umgebung. Der M\u00fcll ist in den hierf\u00fcr vorgesehenen Beh\u00e4ltern GETRENNT zu entsorgen.<\/li>\r\n                      <li class=\"ql-indent-1\">Die Versorgung (Frischwasser) und Entsorgung (Brauchwasser) erfolgt ausschlie\u00dflich \u00fcber die Ver- und Entsorgungsanlage. Das Entleeren der Chemie-Toiletten ist nur an der daf\u00fcr vorgesehenen Stelle vorzunehmen. Anfallendes Abwasser\r\n                        aus dem Betrieb der Wohnmobile darf nur in den daf\u00fcr vorgesehenen Ausguss der Entsorgungsstation entleert werden. Schmutzwasser darf nicht in die Umwelt gelangen.<\/li>\r\n                      <li class=\"ql-indent-1\">Die Nutzung von Generatoren ist untersagt. Bei Strombedarf nutzen Sie bitte die vorhandenen Stroms\u00e4ulen.<\/li>\r\n                      <li class=\"ql-indent-1\">Bitte beachten Sie, dass die Pl\u00e4tze um die B\u00e4ume herum gewisse Risiken durch herabfallendes Laub und Zweige bergen; hierf\u00fcr \u00fcbernehmen wir keine Haftung.<\/li>\r\n                      <li class=\"ql-indent-1\">Ordnung und Sauberkeit sind selbstverst\u00e4ndliche Pflicht aller Nutzer des Wohnmobilplatzes. Alle Anlagen und Einrichtungen sind schonend zu behandeln. Der Stellplatz ist nach der Nutzung sauber zu hinterlassen. Anfallender M\u00fcll kann\r\n                        kostenfrei in die daf\u00fcr vorgesehenen Tonnen entsorgt werden.&nbsp;Bitte benutzen Sie unsere Container hinter dem Nebengeb\u00e4ude und denken Sie umweltschonend an die getrennte Entsorgung.<\/li>\r\n                      <li class=\"ql-indent-1\">Tierhalter haben daf\u00fcr Sorge zu tragen, dass andere Stellplatzg\u00e4ste nicht bel\u00e4stigt werden. Hunde jeder Gr\u00f6\u00dfe m\u00fcssen st\u00e4ndig angeleint gehalten werden. Das \u201eGassi -F\u00fchren\u201c ist nur au\u00dferhalb des Wohnmobilstellplatzes gestattet. Bitte\r\n                        Hundekot umgehend beseitigen.<\/li>\r\n                      <li class=\"ql-indent-1\">Das Umgrenzen der Stellpl\u00e4tze mit Einfriedungen ist untersagt. Der Stellplatz ist von dem Benutzer vor seinem Weggang vollst\u00e4ndig wieder in Ordnung zu bringen. Das Freihalten von Stellpl\u00e4tzen ist untersagt.<\/li>\r\n                      <li class=\"ql-indent-1\">Stellpl\u00e4tze k\u00f6nnen f\u00fcr Tagesausfl\u00fcge oder Eink\u00e4ufe mit dem Wohnmobil verlassen werden, wenn:&nbsp;<\/li>\r\n                      <li class=\"ql-indent-2\">Noch ausreichend Restlaufzeit auf der Buchungs-\/Stroms\u00e4ule vorhanden ist und dieses durch das Leuchten des roten Lichts (belegt) angezeigt wird, und &nbsp; &nbsp; &nbsp; &nbsp; &nbsp; &nbsp; &nbsp; &nbsp; &nbsp; &nbsp; &nbsp; &nbsp;\r\n                        &nbsp;&nbsp;<\/li>\r\n                      <li class=\"ql-indent-2\">Die R\u00fcckkehr durch zur\u00fcckgelassene Utensilien wie Tisch und St\u00fchle, und\/oder die R\u00fcckkehr durch ein entsprechendes Schild, welches bei den Abwaschpl\u00e4tzen ausliegt, angezeigt wird.<\/li>\r\n                      <li class=\"ql-indent-1\">Ist dies nicht der Fall, kann davon ausgegangen werden, dass der Gast abgereist ist und der Platz f\u00fcr neue G\u00e4ste freigeschaltet wird.&nbsp;<\/li>\r\n                      <li class=\"ql-indent-1\">Grillen ist auf dem Stellplatz gestattet. Bel\u00e4stigungen der anderen Nutzer durch Feuer, Funkenflug und Qualm sind selbstverst\u00e4ndlich zu vermeiden.<\/li>\r\n                      <li class=\"ql-indent-1\">Bitte nehmen Sie R\u00fccksicht auf die anderen G\u00e4ste und Nachbarn und vermeiden Sie ruhest\u00f6renden L\u00e4rm. Insbesondere ist die Nachtruhe ab 22.00 Uhr bis 06.00 Uhr einzuhalten. Stellen Sie Radio, Fernsehger\u00e4t, usw. immer so leise, dass\r\n                        Sie andere nicht st\u00f6ren. Feuerwerksk\u00f6rper und B\u00f6ller sind auf dem Stellplatz verboten und d\u00fcrfen nicht gez\u00fcndet werden. Auch an Silvester nicht!<\/li>\r\n                      <li class=\"ql-indent-1\">Der Platz darf nur von haftpflichtversicherten und angemeldeten \/ zugelassenen Fahrzeugen genutzt werden. Benutzen und Befahren erfolgt auf eigene Gefahr. Die H\u00f6chstgeschwindigkeit betr\u00e4gt 5 km\/h.<\/li>\r\n                      <li class=\"ql-indent-1\">Der Platz ist unbewacht. Jegliche Schadenersatzanspr\u00fcche gegen die Betreiber sind ausgeschlossen.<\/li>\r\n                      <li class=\"ql-indent-1\">Zur Aufrechterhaltung der Ordnung und Sicherheit auf dem Wohnmobilstellplatz ist die Aus\u00fcbung eines Gewerbes sowie jeglicher Verkauf und Schaustellungen verboten.<\/li>\r\n                      <li class=\"ql-indent-1\">Der Betreiber ist in Aus\u00fcbung des Hausrechtes berechtigt, Personen des Platzes zu verweisen, wenn dies zur Aufrechterhaltung der Sicherheit und Ordnung auf dem Wohnmobilplatz und im Interesse der Stellplatzg\u00e4ste erforderlich scheint.\r\n                        Den Weisungen des Personals des Betreibers muss Folge geleistet werden, insbesondere bez\u00fcglich der Aufstellung der Fahrzeuge.<\/li>\r\n                      <li class=\"ql-indent-1\">Mit dem Befahren des Wohnmobilcamps akzeptieren Sie unsere Platzordnung.<\/li>\r\n                    <\/ul>\r\n                    <p><span style=\"font-weight: 600;\">3. Regelungen bei Unf\u00e4llen<\/span><\/p>\r\n                    <p class=\"ql-indent-1\"> Unf\u00e4lle jeglicher Art sind sofort beim Platzbetreiber anzuzeigen.\r\n                      <br> Au\u00dferhalb der \u00d6ffnungszeiten k\u00f6nnen folgende Notrufnummern\r\n                      <br> verwendet werden:\r\n                      <br> Feuerwehr-Notruf: Telefon 112\r\n                      <br> Polizei-Notruf: Telefon 110\r\n                      <br> Krankenwagen: Telefon 112<\/p>\r\n                    <p class=\"ql-indent-1\"><span style=\"font-weight: 600;\">Arzt<\/span>:<\/p>\r\n                    <p class=\"ql-indent-1\">Gemeinschaftspraxis Treiling \/ Staak<span style=\"color: rgb(0, 0, 255);\">&nbsp;<\/span>\r\n                      <br>Dorfstr. 21\r\n                      <br> 26676 Bar\u00dfel, Harkebr\u00fcgge\r\n                      <br>04497 92 40-0<\/p>\r\n                    <p class=\"ql-indent-1\"><span style=\"font-weight: 600;\">Krankenhaus<\/span>:<\/p>\r\n                    <p class=\"ql-indent-1\"> St.-Marien-Stift\r\n                      <br>St.-Marien-Str. 1\r\n                      <br>26169 Friesoythe\r\n                      <br> Telefon: 04491 &#8211; 940 0<\/p>\r\n                    <p class=\"ql-indent-1\"><span style=\"font-weight: 600;\">Zahnarzt<\/span>:<\/p>\r\n                    <p class=\"ql-indent-1\">Frau Kerstin Koch\r\n                      <br>Dorfstra\u00dfe 20, 26676 Harkebr\u00fcgge\r\n                      <br>Telefon: 04497\/8222<\/p>\r\n                    <p class=\"ql-indent-1\"><span style=\"font-weight: 600;\">Tierarzt<\/span>:<\/p>\r\n                    <p class=\"ql-indent-1\">Kleintierpraxis Dr. med. vet. Heike Papenhagen\r\n                      <br>Tideweg 3, 26676 Bar\u00dfel\r\n                      <br>Telefon: 04499\/921535\r\n                      <br>\r\n                    <\/p>\r\n                    <p><span style=\"font-weight: 600;\">4. Allgemeines<\/span><\/p>\r\n                    <p class=\"ql-indent-1\">Informationen \u00fcber unsere\r\n                      <br> Gemeinde und den umliegenden Ausflugszielen finden Sie bei der:<span style=\"color: rgb(36, 64, 132);\"><br> Erholungsgebiet Bar\u00dfel-Saterland e.V.<br> Tourist Information Bar\u00dfel<br>Theodor-Klinker-Platz 1<br> 26676 Bar\u00dfel<\/span><\/p>\r\n                    <p\r\n                      class=\"ql-indent-1\">Telefon: 04499 \/ 93 80 80&nbsp;&nbsp;&nbsp;&nbsp;&nbsp;&nbsp;&nbsp;&nbsp;&nbsp;&nbsp;&nbsp;&nbsp;&nbsp;&nbsp;&nbsp;&nbsp;&nbsp;&nbsp;&nbsp;&nbsp;\r\n                      <br> Telefax: 0 44 99 \/ 93 80 82\r\n                      <br>\r\n                      <a href=\"mailto:info@barssel-saterland.de\" style=\"color: rgb(0, 0, 255);\" draggable=\"false\">info@barssel-saterland.de<\/a>\r\n                      <\/p>\r\n                  <\/div>\r\n                <\/div>\r\n              <\/div>\r\n            <\/div>\r\n          <\/div>\r\n        <\/div>\r\n      <\/div>\r\n    <\/div>\r\n  <\/div>\r\n<\/div>","protected":false},"excerpt":{"rendered":"<p>Platzordnung Wohnmobilcamp \u201eSmaland\u201c am Harkebr\u00fcgger See 1. Vorbemerkung: Herzlich Willkommen auf dem Wohnmobilcamp Smaland am Harkebr\u00fcgger See. Betreiber des Stellplatzes sind Anja und Hansi Lampe. Der Stellplatz ist ausgestattet mit Stroms\u00e4ulen f\u00fcr 22 Wohnmobile (zzgl. 6 weiteren Stellpl\u00e4tzen die nur \u00fcber die Zuteilung des Stellplatzbetreibers genutzt werden k\u00f6nnen),&nbsp;einer Ver- und Entsorgungsstation, Sanit\u00e4rr\u00e4ume, sowie Wasch- und [&hellip;]<\/p>\n","protected":false},"author":1,"featured_media":0,"parent":0,"menu_order":0,"comment_status":"closed","ping_status":"closed","template":"page-templates\/full-width-page.php","meta":{"_themeisle_gutenberg_block_has_review":false,"footnotes":""},"class_list":["post-1742","page","type-page","status-publish","hentry"],"_links":{"self":[{"href":"https:\/\/wohnmobilcamp-smaland.de\/index.php?rest_route=\/wp\/v2\/pages\/1742","targetHints":{"allow":["GET"]}}],"collection":[{"href":"https:\/\/wohnmobilcamp-smaland.de\/index.php?rest_route=\/wp\/v2\/pages"}],"about":[{"href":"https:\/\/wohnmobilcamp-smaland.de\/index.php?rest_route=\/wp\/v2\/types\/page"}],"author":[{"embeddable":true,"href":"https:\/\/wohnmobilcamp-smaland.de\/index.php?rest_route=\/wp\/v2\/users\/1"}],"replies":[{"embeddable":true,"href":"https:\/\/wohnmobilcamp-smaland.de\/index.php?rest_route=%2Fwp%2Fv2%2Fcomments&post=1742"}],"version-history":[{"count":7,"href":"https:\/\/wohnmobilcamp-smaland.de\/index.php?rest_route=\/wp\/v2\/pages\/1742\/revisions"}],"predecessor-version":[{"id":2047,"href":"https:\/\/wohnmobilcamp-smaland.de\/index.php?rest_route=\/wp\/v2\/pages\/1742\/revisions\/2047"}],"wp:attachment":[{"href":"https:\/\/wohnmobilcamp-smaland.de\/index.php?rest_route=%2Fwp%2Fv2%2Fmedia&parent=1742"}],"curies":[{"name":"wp","href":"https:\/\/api.w.org\/{rel}","templated":true}]}}